
{"id":10,"date":"2025-06-10T08:05:43","date_gmt":"2025-06-10T07:05:43","guid":{"rendered":"https:\/\/sfl.mentalworks.me\/?page_id=10"},"modified":"2025-09-26T10:26:07","modified_gmt":"2025-09-26T08:26:07","slug":"news","status":"publish","type":"page","link":"https:\/\/sfl.mentalworks.me\/en\/news\/","title":{"rendered":"News"},"content":{"rendered":"<section   style=\"--mw-container-border-top-thickness: 0px; --mw-container-border-right-thickness: 0px; --mw-container-border-bottom-thickness: 0px; --mw-container-border-left-thickness: 0px;\" class=\"mw-container mw-container__full mw-container__bg-black mw-container__flex mw-container__items-center mw-container__justify-center mw-container__flex-row mw-container__flex-wrap mw-container__mt--spacing-none mw-container__mb--spacing-none mw-container__pt--spacing-none mw-container__pb--spacing-none mw-container__gap-x--spacing-none mw-container__gap-y--spacing-none mw-container__border--none mw-container__shadow-none mw-container__radius-none md-mw-container__full md-mw-container__flex md-mw-container__flex-row md-mw-container__items-start md-mw-container__justify-start md-mw-container__flex-wrap md-mw-container__mt--spacing-none md-mw-container__mb--spacing-none md-mw-container__pt--spacing-none md-mw-container__pb--spacing-none md-mw-container__gap-x--spacing-none md-mw-container__gap-y--spacing-none md-mw-container__radius-none  sm-mw-container__full sm-mw-container__flex sm-mw-container__flex-row sm-mw-container__items-start sm-mw-container__justify-start sm-mw-container__flex-wrap sm-mw-container__mt--spacing-none sm-mw-container__mb--spacing-none sm-mw-container__pt--spacing-none sm-mw-container__pb--spacing-none sm-mw-container__gap-x--spacing-none sm-mw-container__gap-y--spacing-none sm-mw-container__radius-none  homepage-1 heading\"   >\n\t\n<div class=\"mw-image\">\n    <img loading=\"lazy\" decoding=\"async\" class=\"\" src=\"https:\/\/sfl.mentalworks.me\/app\/uploads\/2025\/09\/header-background-news.jpg\" srcset=\"https:\/\/sfl.mentalworks.me\/app\/uploads\/2025\/09\/header-background-news.jpg 1366w, https:\/\/sfl.mentalworks.me\/app\/uploads\/2025\/09\/header-background-news-300x190.jpg 300w, https:\/\/sfl.mentalworks.me\/app\/uploads\/2025\/09\/header-background-news-1024x649.jpg 1024w, https:\/\/sfl.mentalworks.me\/app\/uploads\/2025\/09\/header-background-news-768x487.jpg 768w, https:\/\/sfl.mentalworks.me\/app\/uploads\/2025\/09\/header-background-news-18x12.jpg 18w\"\n         sizes=\"auto, (max-width: 1366px) 100vw, 1366px\" alt=\"\" width=\"1366\"\n         height=\"866\"\/>\n<\/div>\n\n<div   style=\"--mw-container-border-top-thickness: 0px; --mw-container-border-right-thickness: 0px; --mw-container-border-bottom-thickness: 0px; --mw-container-border-left-thickness: 0px;\" class=\"mw-container mw-container__full mw-container__bg-none mw-container__flex mw-container__items-start mw-container__justify-start mw-container__flex-row mw-container__flex-wrap mw-container__mt--spacing-none mw-container__mb--spacing-none mw-container__pt--spacing-none mw-container__pb--spacing-none mw-container__gap-x--spacing-none mw-container__gap-y--spacing-none mw-container__border--none mw-container__shadow-none mw-container__radius-none md-mw-container__full md-mw-container__flex md-mw-container__flex-row md-mw-container__items-start md-mw-container__justify-start md-mw-container__flex-wrap md-mw-container__mt--spacing-none md-mw-container__mb--spacing-none md-mw-container__pt--spacing-none md-mw-container__pb--spacing-none md-mw-container__gap-x--spacing-none md-mw-container__gap-y--spacing-none md-mw-container__radius-none  sm-mw-container__full sm-mw-container__flex sm-mw-container__flex-row sm-mw-container__items-start sm-mw-container__justify-start sm-mw-container__flex-wrap sm-mw-container__mt--spacing-none sm-mw-container__mb--spacing-none sm-mw-container__pt--spacing-none sm-mw-container__pb--spacing-none sm-mw-container__gap-x--spacing-none sm-mw-container__gap-y--spacing-none sm-mw-container__radius-none  overlay-40\"   >\n\t\n<\/div>\n\n\n<div   style=\"--mw-container-border-top-thickness: 0px; --mw-container-border-right-thickness: 0px; --mw-container-border-bottom-thickness: 0px; --mw-container-border-left-thickness: 0px;\" class=\"mw-container mw-container__boxed mw-container__bg-none mw-container__flex mw-container__items-center mw-container__justify-center mw-container__flex-row mw-container__flex-wrap mw-container__mt--spacing-none mw-container__mb--spacing-none mw-container__pt--spacing-none mw-container__pb--spacing-none mw-container__gap-x--spacing-none mw-container__gap-y--spacing-none mw-container__border--none mw-container__shadow-none mw-container__radius-none md-mw-container__full md-mw-container__flex md-mw-container__flex-row md-mw-container__items-start md-mw-container__justify-start md-mw-container__flex-wrap md-mw-container__mt--spacing-none md-mw-container__mb--spacing-none md-mw-container__pt--spacing-none md-mw-container__pb--spacing-none md-mw-container__gap-x--spacing-none md-mw-container__gap-y--spacing-none md-mw-container__radius-none  sm-mw-container__full sm-mw-container__flex sm-mw-container__flex-row sm-mw-container__items-start sm-mw-container__justify-start sm-mw-container__flex-wrap sm-mw-container__mt--spacing-none sm-mw-container__mb--spacing-none sm-mw-container__pt--spacing-none sm-mw-container__pb--spacing-none sm-mw-container__gap-x--spacing-none sm-mw-container__gap-y--spacing-none sm-mw-container__radius-none\"   >\n\t\n<h1 class=\"mw-typography mw-typography__text-center mw-typography-font--text mw-typography-style--normal mw-typography-weight--400 mw-typography-color--white mw-typography-size--display--sm\">HERE WILL BE A CREATIVE HEADLINE,<br><strong>ABOUT NEWS<\/strong><\/h1>\n\n<\/div>\n\n\n    <a   target=\"_self\"\n       href=\"#first-section\" class=\"mw-button mw-button__size--md mw-button__hierarchy--link mw-button__color--white mw-button__border--primary-600  mw-button__bg--primary-600 scroll-to\">\n                            <span><\/span>\n                                <div class=\"mw-icon\" style=\"\">\n        <svg width=\"24\" height=\"24\" viewbox=\"0 0 24 24\" fill=\"none\" xmlns=\"http:\/\/www.w3.org\/2000\/svg\">\n<path d=\"M6 9L12 15L18 9\" stroke=\"black\" stroke-width=\"2\" stroke-linecap=\"round\" stroke-linejoin=\"round\"\/>\n<\/svg>\n\n    <\/div>\n            <\/a>\n\n\n<\/section>\n\n\n<section  id='first-section' style=\"--mw-container-border-top-thickness: 0px; --mw-container-border-right-thickness: 0px; --mw-container-border-bottom-thickness: 0px; --mw-container-border-left-thickness: 0px;\" class=\"mw-container mw-container__full mw-container__bg-none mw-container__flex mw-container__items-start mw-container__justify-start mw-container__flex-row mw-container__flex-wrap mw-container__mt--spacing-none mw-container__mb--spacing-none mw-container__pt--spacing-4xl mw-container__pb--spacing-10xl mw-container__gap-x--spacing-none mw-container__gap-y--spacing-none mw-container__border--none mw-container__shadow-none mw-container__radius-none md-mw-container__full md-mw-container__flex md-mw-container__flex-row md-mw-container__items-start md-mw-container__justify-start md-mw-container__flex-wrap md-mw-container__mt--spacing-none md-mw-container__mb--spacing-none md-mw-container__pt--spacing-10xl md-mw-container__pb--spacing-10xl md-mw-container__gap-x--spacing-none md-mw-container__gap-y--spacing-none md-mw-container__radius-none  sm-mw-container__full sm-mw-container__flex sm-mw-container__flex-row sm-mw-container__items-start sm-mw-container__justify-start sm-mw-container__flex-wrap sm-mw-container__mt--spacing-none sm-mw-container__mb--spacing-none sm-mw-container__pt--spacing-4xl sm-mw-container__pb--spacing-7xl sm-mw-container__gap-x--spacing-none sm-mw-container__gap-y--spacing-none sm-mw-container__radius-none\"   >\n\t\n<div   style=\"--mw-container-border-top-thickness: 0px; --mw-container-border-right-thickness: 0px; --mw-container-border-bottom-thickness: 0px; --mw-container-border-left-thickness: 0px;\" class=\"mw-container mw-container__boxed mw-container__bg-none mw-container__flex mw-container__items-start mw-container__justify-start mw-container__flex-row mw-container__flex-wrap mw-container__mt--spacing-none mw-container__mb--spacing-none mw-container__pt--spacing-none mw-container__pb--spacing-none mw-container__gap-x--spacing-none mw-container__gap-y--spacing-none mw-container__border--none mw-container__shadow-none mw-container__radius-none md-mw-container__full md-mw-container__flex md-mw-container__flex-row md-mw-container__items-start md-mw-container__justify-start md-mw-container__flex-wrap md-mw-container__mt--spacing-none md-mw-container__mb--spacing-none md-mw-container__pt--spacing-none md-mw-container__pb--spacing-none md-mw-container__gap-x--spacing-none md-mw-container__gap-y--spacing-none md-mw-container__radius-none  sm-mw-container__full sm-mw-container__flex sm-mw-container__flex-row sm-mw-container__items-start sm-mw-container__justify-start sm-mw-container__flex-wrap sm-mw-container__mt--spacing-none sm-mw-container__mb--spacing-none sm-mw-container__pt--spacing-none sm-mw-container__pb--spacing-none sm-mw-container__gap-x--spacing-none sm-mw-container__gap-y--spacing-none sm-mw-container__radius-none\"   >\n\t\n<div class=\"mw-posts-list\">\n\t<p class=\"mw-posts-list__message\" aria-live=\"polite\" role=\"status\">Le contenu de la page a \u00e9t\u00e9 recharg\u00e9.<\/p>\n\t<div class=\"mw-posts-list__content\">\n\t\t<form action=\"https:\/\/sfl.mentalworks.me\/wp\/wp-admin\/admin-ajax.php\" method=\"POST\" class=\"mw-posts-list__filters\">\n\t<input class=\"mw-posts-list__input\" type=\"hidden\" name=\"nonce\" value=\"07f953408c\"\/>\n\t<input class=\"mw-posts-list__input\" type=\"hidden\" name=\"action\" value=\"get_entity_post\"\/>\n\t<input class=\"mw-posts-list__input\" type=\"hidden\" name=\"current_page\" value=\"\"\/>\n\t<input class=\"mw-posts-list__input\" type=\"hidden\" name=\"filter_type\" value=\"standard\"\/>\n\t<input class=\"mw-posts-list__input\" type=\"hidden\" name=\"card\" value=\"card-2\"\/>\n\n\t\n\t\t\t\t\t\t\t\t\t<div class=\"mw-posts-list__buttons\">\n\t\t\t\t\t<div class=\"mw-posts-list__buttons-list\">\n\t\t\t\t\t\t<button class=\"mw-posts-list__buttons-item mw-posts-list__buttons-item-selected\"\n\t\t\t\t\t\t\t\tname=\"category\"\n\t\t\t\t\t\t\t\ttype=\"button\"\n\t\t\t\t\t\t\t\taria-selected='true'>Toutes<\/button>\n\t\t\t\t\t\t\t\t\t\t\t\t\t<button class=\"mw-posts-list__buttons-item\"\n\t\t\t\t\t\t\t\t\tname=\"category\"\n\t\t\t\t\t\t\t\t\ttype=\"button\"\n\t\t\t\t\t\t\t\t\taria-selected='false'\n\t\t\t\t\t\t\t\t\tvalue=\"durabilite\">Durability<\/button>\n\t\t\t\t\t\t\t\t\t\t\t\t\t<button class=\"mw-posts-list__buttons-item\"\n\t\t\t\t\t\t\t\t\tname=\"category\"\n\t\t\t\t\t\t\t\t\ttype=\"button\"\n\t\t\t\t\t\t\t\t\taria-selected='false'\n\t\t\t\t\t\t\t\t\tvalue=\"personnes\">People<\/button>\n\t\t\t\t\t\t\t\t\t\t\t<\/div>\n\t\t\t\t<\/div>\n\t\t\t\t\t\t<label for=\"date-selector\" class=\"sr-only\">Trier les \u00e9v\u00e9nements par date<\/label>\n\t\t\t<select class=\"mw-posts-list__date-selector\" name=\"date-selector\" id=\"date-selector\">\n\t\t\t\t<option selected disabled>Tri par dates<\/option>\n\t\t\t\t<option value=\"DESC\">Du plus r\u00e9cent au plus ancien<\/option>\n\t\t\t\t<option value=\"ASC\">Du plus ancien au plus r\u00e9cent<\/option>\n\t\t\t<\/select>\n\t\t\t<\/form>\n<div class=\"mw-posts-list__result\">\n\t\t\t\n\t\t<div class=\"mw-posts-list swiper\">\n\t\t\t<ul class=\"mw-posts-list__list swiper-wrapper\">\n\t\t\t\t\t\t\t\t\t<li class=\"mw-posts-list__item swiper-slide\">\n\t\t\t\t\t\t        <a class=\"mw-posts-list__card mw-posts-list__card--2\" href=\"https:\/\/sfl.mentalworks.me\/en\/news-2\/100-of-operating-assets-certified\/\">\n    <div class=\"mw-posts-list__thumbnail-container\">\n        <img loading=\"lazy\" decoding=\"async\" class=\"mw-posts-list__thumbnail\" src=\"https:\/\/sfl.mentalworks.me\/app\/uploads\/2025\/09\/header-background-news-1024x649.jpg\" srcset=\"https:\/\/sfl.mentalworks.me\/app\/uploads\/2025\/09\/header-background-news-1024x649.jpg 1024w, https:\/\/sfl.mentalworks.me\/app\/uploads\/2025\/09\/header-background-news-300x190.jpg 300w, https:\/\/sfl.mentalworks.me\/app\/uploads\/2025\/09\/header-background-news-768x487.jpg 768w, https:\/\/sfl.mentalworks.me\/app\/uploads\/2025\/09\/header-background-news-18x12.jpg 18w, https:\/\/sfl.mentalworks.me\/app\/uploads\/2025\/09\/header-background-news.jpg 1366w\" sizes=\"auto, (max-width: 1024px) 100vw, 1024px\" alt=\"\" width=\"1366\" height=\"866\"\/>\n    <\/div>\n    <div class=\"mw-posts-list__card-content\">\n        <div class=\"\">\n            <h3 class=\"mw-posts-list__title\">100% of certified operating assets<\/h3>\n                    <p class=\"mw-posts-list__card-category\">Durability<\/p>\n                <\/div>\n    <p class=\"mw-posts-list__card-date\">15 September 2025<\/p>\n\n    <\/div>\n<\/a>\n\t\t\t\t\t<\/li>\n\t\t\t\t\t\t\t\t\t<li class=\"mw-posts-list__item swiper-slide\">\n\t\t\t\t\t\t        <a class=\"mw-posts-list__card mw-posts-list__card--2\" href=\"https:\/\/sfl.mentalworks.me\/en\/news-2\/premium-assets-with-optimum-accessibility-and-high-density-of-use\/\">\n    <div class=\"mw-posts-list__thumbnail-container\">\n        <img loading=\"lazy\" decoding=\"async\" class=\"mw-posts-list__thumbnail\" src=\"https:\/\/sfl.mentalworks.me\/app\/uploads\/2025\/09\/header-background-news-1024x324.png\" srcset=\"https:\/\/sfl.mentalworks.me\/app\/uploads\/2025\/09\/header-background-news-1024x324.png 1024w, https:\/\/sfl.mentalworks.me\/app\/uploads\/2025\/09\/header-background-news-300x95.png 300w, https:\/\/sfl.mentalworks.me\/app\/uploads\/2025\/09\/header-background-news-768x243.png 768w, https:\/\/sfl.mentalworks.me\/app\/uploads\/2025\/09\/header-background-news-18x6.png 18w, https:\/\/sfl.mentalworks.me\/app\/uploads\/2025\/09\/header-background-news.png 1366w\" sizes=\"auto, (max-width: 1024px) 100vw, 1024px\" alt=\"\" width=\"1366\" height=\"432\"\/>\n    <\/div>\n    <div class=\"mw-posts-list__card-content\">\n        <div class=\"\">\n            <h3 class=\"mw-posts-list__title\">Prime assets with optimum accessibility and high intensity of use<\/h3>\n                    <p class=\"mw-posts-list__card-category\">Durability<\/p>\n                <\/div>\n    <p class=\"mw-posts-list__card-date\">15 September 2025<\/p>\n\n    <\/div>\n<\/a>\n\t\t\t\t\t<\/li>\n\t\t\t\t\t\t\t\t\t<li class=\"mw-posts-list__item swiper-slide\">\n\t\t\t\t\t\t        <a class=\"mw-posts-list__card mw-posts-list__card--2\" href=\"https:\/\/sfl.mentalworks.me\/en\/news-2\/accessibility-and-low-carbon-mobility\/\">\n    <div class=\"mw-posts-list__thumbnail-container\">\n        <img loading=\"lazy\" decoding=\"async\" class=\"mw-posts-list__thumbnail\" src=\"https:\/\/sfl.mentalworks.me\/app\/uploads\/2025\/09\/header-background-news-1024x324.png\" srcset=\"https:\/\/sfl.mentalworks.me\/app\/uploads\/2025\/09\/header-background-news-1024x324.png 1024w, https:\/\/sfl.mentalworks.me\/app\/uploads\/2025\/09\/header-background-news-300x95.png 300w, https:\/\/sfl.mentalworks.me\/app\/uploads\/2025\/09\/header-background-news-768x243.png 768w, https:\/\/sfl.mentalworks.me\/app\/uploads\/2025\/09\/header-background-news-18x6.png 18w, https:\/\/sfl.mentalworks.me\/app\/uploads\/2025\/09\/header-background-news.png 1366w\" sizes=\"auto, (max-width: 1024px) 100vw, 1024px\" alt=\"\" width=\"1366\" height=\"432\"\/>\n    <\/div>\n    <div class=\"mw-posts-list__card-content\">\n        <div class=\"\">\n            <h3 class=\"mw-posts-list__title\">Accessibility and low-carbon mobility<\/h3>\n                    <p class=\"mw-posts-list__card-category\">People<\/p>\n                <\/div>\n    <p class=\"mw-posts-list__card-date\">15 September 2025<\/p>\n\n    <\/div>\n<\/a>\n\t\t\t\t\t<\/li>\n\t\t\t\t\t\t\t\t\t<li class=\"mw-posts-list__item swiper-slide\">\n\t\t\t\t\t\t        <a class=\"mw-posts-list__card mw-posts-list__card--2\" href=\"https:\/\/sfl.mentalworks.me\/en\/news-2\/sfl-a-strategy-for-esg-excellence\/\">\n    <div class=\"mw-posts-list__thumbnail-container\">\n        <img loading=\"lazy\" decoding=\"async\" class=\"mw-posts-list__thumbnail\" src=\"https:\/\/sfl.mentalworks.me\/app\/uploads\/2025\/09\/header-background-news-1024x324.png\" srcset=\"https:\/\/sfl.mentalworks.me\/app\/uploads\/2025\/09\/header-background-news-1024x324.png 1024w, https:\/\/sfl.mentalworks.me\/app\/uploads\/2025\/09\/header-background-news-300x95.png 300w, https:\/\/sfl.mentalworks.me\/app\/uploads\/2025\/09\/header-background-news-768x243.png 768w, https:\/\/sfl.mentalworks.me\/app\/uploads\/2025\/09\/header-background-news-18x6.png 18w, https:\/\/sfl.mentalworks.me\/app\/uploads\/2025\/09\/header-background-news.png 1366w\" sizes=\"auto, (max-width: 1024px) 100vw, 1024px\" alt=\"\" width=\"1366\" height=\"432\"\/>\n    <\/div>\n    <div class=\"mw-posts-list__card-content\">\n        <div class=\"\">\n            <h3 class=\"mw-posts-list__title\">SFL: A strategy for ESG excellence<\/h3>\n                    <p class=\"mw-posts-list__card-category\">People<\/p>\n                <\/div>\n    <p class=\"mw-posts-list__card-date\">15 September 2025<\/p>\n\n    <\/div>\n<\/a>\n\t\t\t\t\t<\/li>\n\t\t\t\t\t\t\t<\/ul>\n\t\t<\/div>\n\t\t<nav class=\"mw-posts-list__pagination\" role=\"navigation\" aria-label=\"Article pagination\">\n\t\t<div class=\"mw-posts-list__pagination-center\">\n\t\t\t\t<select class=\"mw-posts-list__max-per-page\" aria-label=\"Selecting the number of pages\" name=\"max\" id=\"max\">\n\t\t\t<option value=\"20\" >Afficher par 20<\/option>\n\t\t\t<option value=\"30\" >Afficher par 30<\/option>\n\t\t\t<option value=\"40\" >Afficher par 40<\/option>\n\t\t\t<option value=\"50\" >Afficher par 50<\/option>\n\t\t<\/select>\n\t\t\t<\/div>\n\t<\/nav>\n\t<\/div>\n\t<\/div>\n<\/div>\n\n\n<\/div>\n\n\n<\/section>","protected":false},"excerpt":{"rendered":"","protected":false},"author":1,"featured_media":0,"parent":0,"menu_order":14,"comment_status":"closed","ping_status":"closed","template":"","meta":{"_acf_changed":false,"footnotes":""},"class_list":["post-10","page","type-page","status-publish","hentry"],"acf":[],"_links":{"self":[{"href":"https:\/\/sfl.mentalworks.me\/en\/wp-json\/wp\/v2\/pages\/10","targetHints":{"allow":["GET"]}}],"collection":[{"href":"https:\/\/sfl.mentalworks.me\/en\/wp-json\/wp\/v2\/pages"}],"about":[{"href":"https:\/\/sfl.mentalworks.me\/en\/wp-json\/wp\/v2\/types\/page"}],"author":[{"embeddable":true,"href":"https:\/\/sfl.mentalworks.me\/en\/wp-json\/wp\/v2\/users\/1"}],"replies":[{"embeddable":true,"href":"https:\/\/sfl.mentalworks.me\/en\/wp-json\/wp\/v2\/comments?post=10"}],"version-history":[{"count":16,"href":"https:\/\/sfl.mentalworks.me\/en\/wp-json\/wp\/v2\/pages\/10\/revisions"}],"predecessor-version":[{"id":1811,"href":"https:\/\/sfl.mentalworks.me\/en\/wp-json\/wp\/v2\/pages\/10\/revisions\/1811"}],"wp:attachment":[{"href":"https:\/\/sfl.mentalworks.me\/en\/wp-json\/wp\/v2\/media?parent=10"}],"curies":[{"name":"wp","href":"https:\/\/api.w.org\/{rel}","templated":true}]}}