
{"id":1077,"date":"2025-09-02T16:07:54","date_gmt":"2025-09-02T14:07:54","guid":{"rendered":"https:\/\/sfl.mentalworks.me\/?page_id=1077"},"modified":"2025-09-21T17:25:22","modified_gmt":"2025-09-21T15:25:22","slug":"accessibility","status":"publish","type":"page","link":"https:\/\/sfl.mentalworks.me\/en\/accessibility\/","title":{"rendered":"Accessibility"},"content":{"rendered":"<section   style=\"--mw-container-border-top-thickness: 0px; --mw-container-border-right-thickness: 0px; --mw-container-border-bottom-thickness: 0px; --mw-container-border-left-thickness: 0px;\" class=\"mw-container mw-container__full mw-container__bg-black mw-container__flex mw-container__items-center mw-container__justify-center mw-container__flex-row mw-container__flex-wrap mw-container__mt--spacing-none mw-container__mb--spacing-none mw-container__pt--spacing-none mw-container__pb--spacing-none mw-container__gap-x--spacing-none mw-container__gap-y--spacing-none mw-container__border--none mw-container__shadow-none mw-container__radius-none md-mw-container__full md-mw-container__flex md-mw-container__flex-row md-mw-container__items-start md-mw-container__justify-start md-mw-container__flex-wrap md-mw-container__mt--spacing-none md-mw-container__mb--spacing-none md-mw-container__pt--spacing-none md-mw-container__pb--spacing-none md-mw-container__gap-x--spacing-none md-mw-container__gap-y--spacing-none md-mw-container__radius-none  sm-mw-container__full sm-mw-container__flex sm-mw-container__flex-row sm-mw-container__items-start sm-mw-container__justify-start sm-mw-container__flex-wrap sm-mw-container__mt--spacing-none sm-mw-container__mb--spacing-none sm-mw-container__pt--spacing-none sm-mw-container__pb--spacing-none sm-mw-container__gap-x--spacing-none sm-mw-container__gap-y--spacing-none sm-mw-container__radius-none  homepage-1 heading news-1\"   >\n\t\n<div class=\"mw-image\">\n    <img loading=\"lazy\" decoding=\"async\" class=\"\" src=\"https:\/\/sfl.mentalworks.me\/app\/uploads\/2025\/09\/header-background-news.png\" srcset=\"https:\/\/sfl.mentalworks.me\/app\/uploads\/2025\/09\/header-background-news.png 1366w, https:\/\/sfl.mentalworks.me\/app\/uploads\/2025\/09\/header-background-news-300x95.png 300w, https:\/\/sfl.mentalworks.me\/app\/uploads\/2025\/09\/header-background-news-1024x324.png 1024w, https:\/\/sfl.mentalworks.me\/app\/uploads\/2025\/09\/header-background-news-768x243.png 768w, https:\/\/sfl.mentalworks.me\/app\/uploads\/2025\/09\/header-background-news-18x6.png 18w\"\n         sizes=\"auto, (max-width: 1366px) 100vw, 1366px\" alt=\"\" width=\"1366\"\n         height=\"432\"\/>\n<\/div>\n\n<div   style=\"--mw-container-border-top-thickness: 0px; --mw-container-border-right-thickness: 0px; --mw-container-border-bottom-thickness: 0px; --mw-container-border-left-thickness: 0px;\" class=\"mw-container mw-container__full mw-container__bg-none mw-container__flex mw-container__items-start mw-container__justify-start mw-container__flex-row mw-container__flex-wrap mw-container__mt--spacing-none mw-container__mb--spacing-none mw-container__pt--spacing-none mw-container__pb--spacing-none mw-container__gap-x--spacing-none mw-container__gap-y--spacing-none mw-container__border--none mw-container__shadow-none mw-container__radius-none md-mw-container__full md-mw-container__flex md-mw-container__flex-row md-mw-container__items-start md-mw-container__justify-start md-mw-container__flex-wrap md-mw-container__mt--spacing-none md-mw-container__mb--spacing-none md-mw-container__pt--spacing-none md-mw-container__pb--spacing-none md-mw-container__gap-x--spacing-none md-mw-container__gap-y--spacing-none md-mw-container__radius-none  sm-mw-container__full sm-mw-container__flex sm-mw-container__flex-row sm-mw-container__items-start sm-mw-container__justify-start sm-mw-container__flex-wrap sm-mw-container__mt--spacing-none sm-mw-container__mb--spacing-none sm-mw-container__pt--spacing-none sm-mw-container__pb--spacing-none sm-mw-container__gap-x--spacing-none sm-mw-container__gap-y--spacing-none sm-mw-container__radius-none  overlay-40\"   >\n\t\n<\/div>\n\n\n<\/section>\n\n\n<div   style=\"--mw-container-border-top-thickness: 0px; --mw-container-border-right-thickness: 0px; --mw-container-border-bottom-thickness: 0px; --mw-container-border-left-thickness: 0px;\" class=\"mw-container mw-container__full mw-container__bg-none mw-container__flex mw-container__items-start mw-container__justify-start mw-container__flex-row mw-container__flex-wrap mw-container__mt--spacing-none mw-container__mb--spacing-none mw-container__pt--spacing-none mw-container__pb--spacing-none mw-container__gap-x--spacing-none mw-container__gap-y--spacing-none mw-container__border--none mw-container__shadow-none mw-container__radius-none md-mw-container__full md-mw-container__flex md-mw-container__flex-row md-mw-container__items-start md-mw-container__justify-start md-mw-container__flex-wrap md-mw-container__mt--spacing-none md-mw-container__mb--spacing-none md-mw-container__pt--spacing-none md-mw-container__pb--spacing-none md-mw-container__gap-x--spacing-none md-mw-container__gap-y--spacing-none md-mw-container__radius-none  sm-mw-container__full sm-mw-container__flex sm-mw-container__flex-row sm-mw-container__items-start sm-mw-container__justify-start sm-mw-container__flex-wrap sm-mw-container__mt--spacing-none sm-mw-container__mb--spacing-none sm-mw-container__pt--spacing-none sm-mw-container__pb--spacing-none sm-mw-container__gap-x--spacing-none sm-mw-container__gap-y--spacing-none sm-mw-container__radius-none\"   >\n\t\n<section  id='first-section' style=\"--mw-container-border-top-thickness: 0px; --mw-container-border-right-thickness: 0px; --mw-container-border-bottom-thickness: 0px; --mw-container-border-left-thickness: 0px;\" class=\"mw-container mw-container__full mw-container__bg-none mw-container__flex mw-container__items-start mw-container__justify-start mw-container__flex-row mw-container__flex-wrap mw-container__mt--spacing-none mw-container__mb--spacing-none mw-container__pt--spacing-4xl mw-container__pb--spacing-8xl mw-container__gap-x--spacing-none mw-container__gap-y--spacing-none mw-container__border--none mw-container__shadow-none mw-container__radius-none md-mw-container__full md-mw-container__flex md-mw-container__flex-row md-mw-container__items-start md-mw-container__justify-start md-mw-container__flex-wrap md-mw-container__mt--spacing-none md-mw-container__mb--spacing-none md-mw-container__pt--spacing-10xl md-mw-container__pb--spacing-10xl md-mw-container__gap-x--spacing-none md-mw-container__gap-y--spacing-none md-mw-container__radius-none  sm-mw-container__full sm-mw-container__flex sm-mw-container__flex-row sm-mw-container__items-start sm-mw-container__justify-start sm-mw-container__flex-wrap sm-mw-container__mt--spacing-none sm-mw-container__mb--spacing-none sm-mw-container__pt--spacing-10xl sm-mw-container__pb--spacing-10xl sm-mw-container__gap-x--spacing-none sm-mw-container__gap-y--spacing-none sm-mw-container__radius-none\"   >\n\t\n<div   style=\"--mw-container-border-top-thickness: 0px; --mw-container-border-right-thickness: 0px; --mw-container-border-bottom-thickness: 0px; --mw-container-border-left-thickness: 0px;\" class=\"mw-container mw-container__boxed mw-container__bg-none mw-container__flex mw-container__items-start mw-container__justify-start mw-container__flex-column mw-container__flex-wrap mw-container__mt--spacing-none mw-container__mb--spacing-none mw-container__pt--spacing-none mw-container__pb--spacing-none mw-container__gap-x--spacing-xl mw-container__gap-y--spacing-xl mw-container__border--none mw-container__shadow-none mw-container__radius-none md-mw-container__full md-mw-container__flex md-mw-container__flex-row md-mw-container__items-start md-mw-container__justify-start md-mw-container__flex-wrap md-mw-container__mt--spacing-none md-mw-container__mb--spacing-none md-mw-container__pt--spacing-none md-mw-container__pb--spacing-none md-mw-container__gap-x--spacing-none md-mw-container__gap-y--spacing-none md-mw-container__radius-none  sm-mw-container__full sm-mw-container__flex sm-mw-container__flex-row sm-mw-container__items-start sm-mw-container__justify-start sm-mw-container__flex-wrap sm-mw-container__mt--spacing-none sm-mw-container__mb--spacing-none sm-mw-container__pt--spacing-none sm-mw-container__pb--spacing-none sm-mw-container__gap-x--spacing-none sm-mw-container__gap-y--spacing-none sm-mw-container__radius-none  no-anim-container\"   >\n\t\n<h1 class=\"mw-typography mw-typography__text-left mw-typography-font--text mw-typography-style--normal mw-typography-weight--300 mw-typography-color--body-600 mw-typography-size--display--lg\">ACCESSIBILITY<\/h1>\n\n\n<p>Soci\u00e9t\u00e9 Fonci\u00e8re Lyonnaise (SFL) undertakes to make its internet, intranet and extranet sites accessible in accordance with article 47 of law no. 2005-102 of 11 February 2005.<\/p>\n\n\n\n<p>To this end, it implements the following strategy and actions:<\/p>\n\n\n\n<ul class=\"wp-block-list\">\n<li>Link to the multi-year plan (in progress)<\/li>\n\n\n\n<li>Link to the current year's action plan, including a review of actions carried out in the previous year (ongoing)<\/li>\n<\/ul>\n\n\n\n<h2 class=\"wp-block-heading\">1. Compliance status<\/h2>\n\n\n\n<p>The Soci\u00e9t\u00e9 Fonci\u00e8re Lyonnaise website is partially compliant with the general guidelines for improving accessibility.<\/p>\n\n\n\n<h3 class=\"wp-block-heading\">Test results<\/h3>\n\n\n\n<p>The compliance audit carried out by <a href=\"https:\/\/boscop.fr\/\" target=\"_blank\" rel=\"noreferrer noopener\">Boscop<\/a> reveals that :<\/p>\n\n\n\n<ul class=\"wp-block-list\">\n<li><strong>&#8230;%<\/strong> of the RGAA criteria are met.<\/li>\n\n\n\n<li>The site's average compliance rate is <strong>&#8230;%<\/strong>.<\/li>\n<\/ul>\n\n\n\n<p>Please note that the tests were carried out on a pre-production environment. The results may differ for the public version of the site.<\/p>\n\n\n\n<h2 class=\"wp-block-heading\">2. Content not accessible<\/h2>\n\n\n\n<h3 class=\"wp-block-heading\">2.1 Non-conformities<\/h3>\n\n\n\n<p>List of non-compliant criteria :<\/p>\n\n\n\n<ul class=\"wp-block-list\">\n<li>&#8230;<\/li>\n<\/ul>\n\n\n\n<h3 class=\"wp-block-heading\">2.2 Content not subject to the accessibility obligation<\/h3>\n\n\n\n<p>No<\/p>\n\n\n\n<h2 class=\"wp-block-heading\">3. Drawing up this declaration of accessibility<\/h2>\n\n\n\n<p>This declaration was drawn up on ...\/...\/2025. It was updated on ...\/...\/2025.<\/p>\n\n\n\n<h3 class=\"wp-block-heading\">3.1 Technologies used to create the website<\/h3>\n\n\n\n<ul class=\"wp-block-list\">\n<li>HTML<\/li>\n\n\n\n<li>CSS<\/li>\n\n\n\n<li>JavaScript<\/li>\n\n\n\n<li>PHP<\/li>\n\n\n\n<li>MySQL<\/li>\n\n\n\n<li>WordPress (content management system)<\/li>\n\n\n\n<li>ACF (Advanced Custom Fields) for managing structured content<\/li>\n\n\n\n<li>Twig (via Timber) for separating code and templates<\/li>\n\n\n\n<li>WordPress REST API for certain dynamic functions<\/li>\n\n\n\n<li>Integrated third-party services (particularly for interactive maps)<\/li>\n<\/ul>\n\n\n\n<h4 class=\"wp-block-heading\">3.1.1 Test environment<\/h4>\n\n\n\n<p>The content rendition checks were carried out on the basis of the combination provided by the RGAA reference database, with the following versions:<\/p>\n\n\n\n<ul class=\"wp-block-list\">\n<li>NVDA and Firefox<\/li>\n\n\n\n<li>Jaws and Firefox<\/li>\n\n\n\n<li>Voiceover and Safari<\/li>\n<\/ul>\n\n\n\n<h4 class=\"wp-block-heading\">3.1.2 Tools used in the assessment<\/h4>\n\n\n\n<ul class=\"wp-block-list\">\n<li>- Colour Contrast Analyser ;<\/li>\n\n\n\n<li>- Web Developer extension ;<\/li>\n\n\n\n<li>- RGAA Assistant Extension ;<\/li>\n\n\n\n<li>- WCAG Contrast checker extension ;<\/li>\n\n\n\n<li>- ARC Toolkit extension ;<\/li>\n\n\n\n<li>- HeadingsMap extension ;<\/li>\n\n\n\n<li>- Tools for developers integrated into the Firefox browser ;<\/li>\n\n\n\n<li>- W3C HTML Validator ;<\/li>\n<\/ul>\n\n\n\n<h4 class=\"wp-block-heading\">3.1.3 Site pages checked for compliance<\/h4>\n\n\n\n<ul class=\"wp-block-list\">\n<li><a href=\"https:\/\/www.coevrons.fr\/aides-et-demarches\/\">Home page<\/a><\/li>\n\n\n\n<li>&#8230;<\/li>\n<\/ul>\n\n\n\n<h2 class=\"wp-block-heading\">4. Feedback and contact<\/h2>\n\n\n\n<p>If you are unable to access any content or service, you may contact the website manager to be directed to an accessible alternative or to obtain the content in another form.<\/p>\n\n\n\n<ul class=\"wp-block-list\">\n<li><a href=\"https:\/\/sfl.mentalworks.me\/en\/contact\/\">Send a message<\/a><\/li>\n\n\n\n<li>Contact the communications department: ...<\/li>\n<\/ul>\n\n\n\n<h2 class=\"wp-block-heading\">5. Right of appeal<\/h2>\n\n\n\n<p>This procedure should be used in the following cases:<\/p>\n\n\n\n<p>You have notified the website manager of a lack of accessibility that is preventing you from accessing content or services on the portal and you have not received a satisfactory response. <\/p>\n\n\n\n<ul class=\"wp-block-list\">\n<li>Write a message to the Human Rights Defender : <a href=\"https:\/\/www.defenseurdesdroits.fr\/nous-contacter-355\" target=\"_blank\" rel=\"noreferrer noopener\">https:\/\/www.defenseurdesdroits.fr\/nous-contacter-355<\/a><\/li>\n\n\n\n<li>Contact your local D\u00e9fenseur des droits delegate: <a href=\"https:\/\/www.defenseurdesdroits.fr\/carte-des-delegues\">https:\/\/www.defenseurdesdroits.fr\/carte-des-delegues<\/a><\/li>\n\n\n\n<li>Send a letter by post (free of charge, do not use a stamp): D\u00e9fenseur des droits - Libre r\u00e9ponse 71120 - 75342 Paris CEDEX 07<\/li>\n\n\n\n<li><\/li>\n<\/ul>\n\n\n<\/div>\n\n\n<\/section>\n\n\n<\/div>","protected":false},"excerpt":{"rendered":"","protected":false},"author":1,"featured_media":0,"parent":0,"menu_order":9,"comment_status":"closed","ping_status":"closed","template":"","meta":{"_acf_changed":false,"footnotes":""},"class_list":["post-1077","page","type-page","status-publish","hentry"],"acf":[],"_links":{"self":[{"href":"https:\/\/sfl.mentalworks.me\/en\/wp-json\/wp\/v2\/pages\/1077","targetHints":{"allow":["GET"]}}],"collection":[{"href":"https:\/\/sfl.mentalworks.me\/en\/wp-json\/wp\/v2\/pages"}],"about":[{"href":"https:\/\/sfl.mentalworks.me\/en\/wp-json\/wp\/v2\/types\/page"}],"author":[{"embeddable":true,"href":"https:\/\/sfl.mentalworks.me\/en\/wp-json\/wp\/v2\/users\/1"}],"replies":[{"embeddable":true,"href":"https:\/\/sfl.mentalworks.me\/en\/wp-json\/wp\/v2\/comments?post=1077"}],"version-history":[{"count":12,"href":"https:\/\/sfl.mentalworks.me\/en\/wp-json\/wp\/v2\/pages\/1077\/revisions"}],"predecessor-version":[{"id":1783,"href":"https:\/\/sfl.mentalworks.me\/en\/wp-json\/wp\/v2\/pages\/1077\/revisions\/1783"}],"wp:attachment":[{"href":"https:\/\/sfl.mentalworks.me\/en\/wp-json\/wp\/v2\/media?parent=1077"}],"curies":[{"name":"wp","href":"https:\/\/api.w.org\/{rel}","templated":true}]}}